{"id":440,"date":"2026-03-17T15:31:08","date_gmt":"2026-03-17T15:31:08","guid":{"rendered":"https:\/\/helene-kinesiologue.fr\/?page_id=440"},"modified":"2026-04-09T18:13:48","modified_gmt":"2026-04-09T18:13:48","slug":"pour-quelles-raisons-consulter","status":"publish","type":"page","link":"https:\/\/helene-kinesiologue.fr\/?page_id=440","title":{"rendered":"POUR QUELLES RAISONS CONSULTER ?"},"content":{"rendered":"\n<p><\/p>\n\n\n\n<p><\/p>\n\n\n<div data-spectra-id=\"spectra-mn3ex1o5-duqduc\" style=\"display: flex; justify-content: center; \" class=\"wp-block-spectra-separator wp-block-spectra-separator\">\n\t<div class=\"spectra-separator-line\" style=\"margin-left: auto; margin-right: auto; background-color: currentColor; \"><\/div>\n<\/div>\n\n\n\n<div style=\"height:100px\" aria-hidden=\"true\" class=\"wp-block-spacer\"><\/div>\n\n\n\n<h3 data-aos-delay=\"0\" data-aos-duration=\"400\" data-aos-easing=\"ease\" data-aos-once=\"true\" data-aos=\"fade-up\" class=\"wp-block-heading has-text-align-center\"><strong>POUR QUELLES RAISONS CONSULTER ?<\/strong><\/h3>\n\n\n\n<h2 class=\"wp-block-heading\"><\/h2>\n\n\n\n<h2 class=\"wp-block-heading\"><\/h2>\n\n\n\t<p data-spectra-id=\"spectra-mn3eyg43-h2cima\"\t\tclass=\"wp-block-spectra-content\">\n\t\tLa kin\u00e9siologie est une m\u00e9thode douce et non-m\u00e9dicale pour accompagner le consultant dans sa recherche de mieux-\u00eatre dans divers domaines.\t<\/p>\n\n\n\n<p>Les voici regroup\u00e9s en quatre grands th\u00e8mes dans une liste non exhaustive :&nbsp;<br><\/p>\n\n\n\n<div class=\"wp-block-columns has-border-color has-ast-global-color-5-background-color has-background is-layout-flex wp-container-core-columns-is-layout-85958d59 wp-block-columns-is-layout-flex\" style=\"border-color:var(--ast-global-color-0);border-width:3px;border-top-left-radius:13px;border-top-right-radius:13px;border-bottom-left-radius:13px;border-bottom-right-radius:13px;padding-top:var(--wp--preset--spacing--40);padding-right:var(--wp--preset--spacing--40);padding-bottom:var(--wp--preset--spacing--40);padding-left:var(--wp--preset--spacing--40)\">\n<div class=\"wp-block-column is-layout-flow wp-block-column-is-layout-flow\">\t<p data-spectra-id=\"spectra-mndcwv04-6uiqnz\" data-aos-delay=\"0\" data-aos-duration=\"400\" data-aos-easing=\"ease\" data-aos-once=\"true\" data-aos=\"zoom-in-up\"\t\tstyle=\"--spectra-text-color: ast-global-color-2;\" class=\"has-text-color has-link-color spectra-text-color wp-elements-7e131db4df2de2a33622c051277e8662 wp-block-spectra-content has-text-color has-ast-global-color-2-color\">\n\t\t<strong>GESTION DU STRESS ET DES EMOTIONS :<\/strong>\t<\/p>\n\n\n\n<p>&#8211; stress, burn out et angoisse<\/p>\n\n\n\n<p>&#8211; tristesse, mal-\u00eatre et \u00e9puisement<\/p>\n\n\n\n<p>&#8211; peur, ins\u00e9curit\u00e9 profonde et trouble de l&rsquo;humeur<\/p>\n\n\n\n<p>&#8211; manque de confiance en soi et\/ou d&rsquo;estime de soi<\/p>\n\n\n\n<p>&#8211; difficult\u00e9 relationnelle et vie sociale<\/p>\n\n\n\n<p>&#8211; choc \u00e9motionnel et changement de vie (divorce, deuil, d\u00e9m\u00e9nagement, ch\u00f4mage), etc &#8230;<\/p>\n<\/div>\n\n\n\n<div class=\"wp-block-column is-layout-flow wp-block-column-is-layout-flow\">\n<figure data-spectra-id=\"spectra-mndgk0uz-j3f1ew\" data-aos-delay=\"0\" data-aos-duration=\"400\" data-aos-easing=\"ease\" data-aos-once=\"true\" data-aos=\"fade-up\" class=\"wp-block-image aligncenter size-large is-resized has-custom-border\" ><img loading=\"lazy\" decoding=\"async\" width=\"1024\" height=\"546\" src=\"http:\/\/helene-kinesiologue.fr\/wp-content\/uploads\/2026\/03\/pexels-photo-8588943-8588943-1024x546.jpg\" alt=\"A red heart-shaped smiling ball stands out among yellow smiley faces, symbolizing individuality.\" class=\"has-border-color wp-image-815\" srcset=\"https:\/\/helene-kinesiologue.fr\/wp-content\/uploads\/2026\/03\/pexels-photo-8588943-8588943-1024x546.jpg 1024w, https:\/\/helene-kinesiologue.fr\/wp-content\/uploads\/2026\/03\/pexels-photo-8588943-8588943-300x160.jpg 300w, https:\/\/helene-kinesiologue.fr\/wp-content\/uploads\/2026\/03\/pexels-photo-8588943-8588943-768x410.jpg 768w, https:\/\/helene-kinesiologue.fr\/wp-content\/uploads\/2026\/03\/pexels-photo-8588943-8588943-1536x820.jpg 1536w, https:\/\/helene-kinesiologue.fr\/wp-content\/uploads\/2026\/03\/pexels-photo-8588943-8588943-2048x1093.jpg 2048w\" sizes=\"auto, (max-width: 1024px) 100vw, 1024px\" \/><\/figure>\n\n\n\n<figure data-spectra-id=\"spectra-mndgscvx-mm3trh\" data-aos-delay=\"0\" data-aos-duration=\"400\" data-aos-easing=\"ease\" data-aos-once=\"true\" data-aos=\"fade-up\" class=\"wp-block-image aligncenter size-large is-resized has-custom-border\" ><img loading=\"lazy\" decoding=\"async\" width=\"1024\" height=\"574\" src=\"https:\/\/helene-kinesiologue.fr\/wp-content\/uploads\/2026\/03\/EMOTION-2-1024x574.jpg\" alt=\"\" class=\"has-border-color wp-image-816\" srcset=\"https:\/\/helene-kinesiologue.fr\/wp-content\/uploads\/2026\/03\/EMOTION-2-1024x574.jpg 1024w, https:\/\/helene-kinesiologue.fr\/wp-content\/uploads\/2026\/03\/EMOTION-2-300x168.jpg 300w, https:\/\/helene-kinesiologue.fr\/wp-content\/uploads\/2026\/03\/EMOTION-2-768x431.jpg 768w, https:\/\/helene-kinesiologue.fr\/wp-content\/uploads\/2026\/03\/EMOTION-2-1536x861.jpg 1536w, https:\/\/helene-kinesiologue.fr\/wp-content\/uploads\/2026\/03\/EMOTION-2-2048x1148.jpg 2048w\" sizes=\"auto, (max-width: 1024px) 100vw, 1024px\" \/><\/figure>\n<\/div>\n<\/div>\n\n\n\n<div style=\"height:100px\" aria-hidden=\"true\" class=\"wp-block-spacer\"><\/div>\n\n\n\n<div class=\"wp-block-columns has-border-color has-ast-global-color-5-background-color has-background is-layout-flex wp-container-core-columns-is-layout-85958d59 wp-block-columns-is-layout-flex\" style=\"border-color:var(--ast-global-color-2);border-width:3px;border-top-left-radius:13px;border-top-right-radius:13px;border-bottom-left-radius:13px;border-bottom-right-radius:13px;padding-top:var(--wp--preset--spacing--40);padding-right:var(--wp--preset--spacing--40);padding-bottom:var(--wp--preset--spacing--40);padding-left:var(--wp--preset--spacing--40)\">\n<div class=\"wp-block-column is-layout-flow wp-block-column-is-layout-flow\">\t<p data-spectra-id=\"spectra-mndhhpwr-cwxjqs\" data-aos-delay=\"0\" data-aos-duration=\"400\" data-aos-easing=\"ease\" data-aos-once=\"true\" data-aos=\"zoom-in-up\"\t\tstyle=\"--spectra-text-color: ast-global-color-2;\" class=\"has-text-color has-link-color spectra-text-color wp-elements-2220f14299dbe9a2fca7e640b43077ee wp-block-spectra-content has-text-color has-ast-global-color-2-color\">\n\t\t<strong>DEVELOPPEMENT PERSONNEL :<\/strong>\t<\/p>\n\n\n\t<p data-spectra-id=\"spectra-mndhlbqg-qrxs4g\"\t\tclass=\"wp-block-spectra-content\">\n\t\t&#8211; connaissance de soi et \u00e9quilibre personnel\t<\/p>\n\n\n\n<p>&#8211; concentration, affirmation de soi et prise de d\u00e9cision<\/p>\n\n\n\n<p>&#8211; am\u00e9lioration de ses performances et atteinte de ses objectifs<\/p>\n\n\n\n<p>&#8211; \u00e9quilibrage \u00e9nerg\u00e9tique, etc &#8230;<\/p>\n<\/div>\n\n\n\n<div class=\"wp-block-column is-layout-flow wp-block-column-is-layout-flow\">\n<figure data-spectra-id=\"spectra-mneqbu0m-1l9jk1\" data-aos-delay=\"0\" data-aos-duration=\"400\" data-aos-easing=\"ease\" data-aos-once=\"true\" data-aos=\"fade-up\" class=\"wp-block-image aligncenter size-large is-resized has-custom-border\" ><img loading=\"lazy\" decoding=\"async\" width=\"683\" height=\"1024\" src=\"https:\/\/helene-kinesiologue.fr\/wp-content\/uploads\/2026\/03\/DEVELOPPEMENT-PERSO-2-683x1024.jpg\" alt=\"\" class=\"has-border-color wp-image-823\" srcset=\"https:\/\/helene-kinesiologue.fr\/wp-content\/uploads\/2026\/03\/DEVELOPPEMENT-PERSO-2-683x1024.jpg 683w, https:\/\/helene-kinesiologue.fr\/wp-content\/uploads\/2026\/03\/DEVELOPPEMENT-PERSO-2-200x300.jpg 200w, https:\/\/helene-kinesiologue.fr\/wp-content\/uploads\/2026\/03\/DEVELOPPEMENT-PERSO-2-768x1152.jpg 768w, https:\/\/helene-kinesiologue.fr\/wp-content\/uploads\/2026\/03\/DEVELOPPEMENT-PERSO-2-1024x1536.jpg 1024w, https:\/\/helene-kinesiologue.fr\/wp-content\/uploads\/2026\/03\/DEVELOPPEMENT-PERSO-2-1365x2048.jpg 1365w, https:\/\/helene-kinesiologue.fr\/wp-content\/uploads\/2026\/03\/DEVELOPPEMENT-PERSO-2-scaled.jpg 1707w\" sizes=\"auto, (max-width: 683px) 100vw, 683px\" \/><\/figure>\n<\/div>\n<\/div>\n\n\n\n<div style=\"height:100px\" aria-hidden=\"true\" class=\"wp-block-spacer\"><\/div>\n\n\n\n<div class=\"wp-block-columns has-border-color has-ast-global-color-5-background-color has-background is-layout-flex wp-container-core-columns-is-layout-6b28e516 wp-block-columns-is-layout-flex\" style=\"border-color:var(--ast-global-color-2);border-width:3px;border-top-left-radius:13px;border-top-right-radius:13px;border-bottom-left-radius:13px;border-bottom-right-radius:13px;padding-top:var(--wp--preset--spacing--40);padding-right:var(--wp--preset--spacing--40);padding-bottom:var(--wp--preset--spacing--40);padding-left:var(--wp--preset--spacing--40)\">\n<div class=\"wp-block-column is-layout-flow wp-block-column-is-layout-flow\">\t<p data-spectra-id=\"spectra-mneqsyhl-r1hnsu\" data-aos-delay=\"0\" data-aos-duration=\"400\" data-aos-easing=\"ease\" data-aos-once=\"true\" data-aos=\"zoom-in-up\"\t\tstyle=\"--spectra-text-color: ast-global-color-2;\" class=\"has-text-color has-link-color spectra-text-color wp-elements-dfe7714d8e8bcd9c21b724cb876dc9fa wp-block-spectra-content has-text-color has-ast-global-color-2-color\">\n\t\t<strong>ACCOMPAGNEMENT DU CORPS<\/strong> <strong>:<\/strong>\t<\/p>\n\n\n\t<p data-spectra-id=\"spectra-mneqwknf-e0yhnu\"\t\tclass=\"wp-block-spectra-content\">\n\t\t-inconfort, tension et douleur physique ( sans se substituer \u00e0 un avis et un traitement m\u00e9dical)\t<\/p>\n\n\n\n<p>&#8211; trouble de l&rsquo;alimentation<\/p>\n\n\n\n<p>&#8211; difficult\u00e9 d&rsquo;endormissement, trouble du sommeil et fatigue<\/p>\n\n\n\n<p>&#8211; posture et difficult\u00e9 de coordination<\/p>\n\n\n\n<p>&#8211; \u00e9nergie et efficacit\u00e9, etc &#8230;<\/p>\n<\/div>\n\n\n\n<div class=\"wp-block-column is-layout-flow wp-block-column-is-layout-flow\">\n<figure data-spectra-id=\"spectra-mner8pr9-dx7eng\" data-aos-delay=\"0\" data-aos-duration=\"400\" data-aos-easing=\"ease\" data-aos-once=\"true\" data-aos=\"fade-up\" class=\"wp-block-image aligncenter size-large is-resized has-custom-border\" ><img loading=\"lazy\" decoding=\"async\" width=\"702\" height=\"1024\" src=\"https:\/\/helene-kinesiologue.fr\/wp-content\/uploads\/2026\/03\/STATUE-EN-BOIS-702x1024.jpg\" alt=\"\" class=\"has-border-color wp-image-828\" srcset=\"https:\/\/helene-kinesiologue.fr\/wp-content\/uploads\/2026\/03\/STATUE-EN-BOIS-702x1024.jpg 702w, https:\/\/helene-kinesiologue.fr\/wp-content\/uploads\/2026\/03\/STATUE-EN-BOIS-206x300.jpg 206w, https:\/\/helene-kinesiologue.fr\/wp-content\/uploads\/2026\/03\/STATUE-EN-BOIS-768x1120.jpg 768w, https:\/\/helene-kinesiologue.fr\/wp-content\/uploads\/2026\/03\/STATUE-EN-BOIS-1053x1536.jpg 1053w, https:\/\/helene-kinesiologue.fr\/wp-content\/uploads\/2026\/03\/STATUE-EN-BOIS-1405x2048.jpg 1405w, https:\/\/helene-kinesiologue.fr\/wp-content\/uploads\/2026\/03\/STATUE-EN-BOIS-scaled.jpg 1756w\" sizes=\"auto, (max-width: 702px) 100vw, 702px\" \/><\/figure>\n<\/div>\n<\/div>\n\n\n\n<div style=\"height:100px\" aria-hidden=\"true\" class=\"wp-block-spacer\"><\/div>\n\n\n\n<div class=\"wp-block-columns has-border-color has-ast-global-color-5-background-color has-background is-layout-flex wp-container-core-columns-is-layout-85958d59 wp-block-columns-is-layout-flex\" style=\"border-color:var(--ast-global-color-2);border-width:3px;border-top-left-radius:13px;border-top-right-radius:13px;border-bottom-left-radius:13px;border-bottom-right-radius:13px;padding-top:var(--wp--preset--spacing--40);padding-right:var(--wp--preset--spacing--40);padding-bottom:var(--wp--preset--spacing--40);padding-left:var(--wp--preset--spacing--40)\">\n<div class=\"wp-block-column is-layout-flow wp-block-column-is-layout-flow\">\t<p data-spectra-id=\"spectra-mnertfei-fs6kgw\" data-aos-delay=\"0\" data-aos-duration=\"400\" data-aos-easing=\"ease\" data-aos-once=\"true\" data-aos=\"zoom-in-up\"\t\tstyle=\"--spectra-text-color: ast-global-color-2;\" class=\"has-text-color has-link-color spectra-text-color wp-elements-8ef48628bf9f1114d5efc959569ed5f7 wp-block-spectra-content has-text-color has-ast-global-color-2-color\">\n\t\t<strong>ACCOMPAGNEMENT DE L&rsquo;APPRENTISSAGE :<\/strong>\t<\/p>\n\n\n\n<p>&#8211; m\u00e9morisation, concentration et compr\u00e9hension<\/p>\n\n\n\n<p>&#8211;  difficult\u00e9 d&rsquo;apprentissage et\/ou de communication<\/p>\n\n\n\n<p>&#8211; organisation et motricit\u00e9<\/p>\n\n\n\n<p>&#8211; performance, pr\u00e9paration aux examens et gestion du stress, etc &#8230;<\/p>\n<\/div>\n\n\n\n<div class=\"wp-block-column is-layout-flow wp-block-column-is-layout-flow\">\n<figure data-spectra-id=\"spectra-mnesdwcx-jn8sum\" data-aos-delay=\"0\" data-aos-duration=\"400\" data-aos-easing=\"ease\" data-aos-once=\"true\" data-aos=\"fade-up\" class=\"wp-block-image aligncenter size-large is-resized has-custom-border\" ><img loading=\"lazy\" decoding=\"async\" width=\"683\" height=\"1024\" src=\"https:\/\/helene-kinesiologue.fr\/wp-content\/uploads\/2026\/03\/PERFORMANCE-683x1024.jpg\" alt=\"\" class=\"has-border-color wp-image-831\" srcset=\"https:\/\/helene-kinesiologue.fr\/wp-content\/uploads\/2026\/03\/PERFORMANCE-683x1024.jpg 683w, https:\/\/helene-kinesiologue.fr\/wp-content\/uploads\/2026\/03\/PERFORMANCE-200x300.jpg 200w, https:\/\/helene-kinesiologue.fr\/wp-content\/uploads\/2026\/03\/PERFORMANCE-768x1152.jpg 768w, https:\/\/helene-kinesiologue.fr\/wp-content\/uploads\/2026\/03\/PERFORMANCE-1024x1536.jpg 1024w, https:\/\/helene-kinesiologue.fr\/wp-content\/uploads\/2026\/03\/PERFORMANCE-1365x2048.jpg 1365w, https:\/\/helene-kinesiologue.fr\/wp-content\/uploads\/2026\/03\/PERFORMANCE-scaled.jpg 1707w\" sizes=\"auto, (max-width: 683px) 100vw, 683px\" \/><\/figure>\n<\/div>\n<\/div>\n\n\n\n<div style=\"height:59px\" aria-hidden=\"true\" class=\"wp-block-spacer\"><\/div>\n\n\n\n<p><strong>RAPPEL IMPORTANT : la kin\u00e9siologie n&rsquo;est pas une pratique th\u00e9rapeutique destin\u00e9e \u00e0 gu\u00e9rir des pathologies ou soigner des personnes. Elle ne remplace en aucun cas un suivi et\/ou un traitement m\u00e9dical&nbsp;<\/strong>.<\/p>\n\n\n\n<div style=\"height:100px\" aria-hidden=\"true\" class=\"wp-block-spacer\"><\/div>\n\n\n<div data-spectra-id=\"spectra-mn3f33k0-12leo7\" style=\"display: flex; justify-content: center; \" class=\"wp-block-spectra-separator wp-block-spectra-separator\">\n\t<div class=\"spectra-separator-line\" style=\"margin-left: auto; margin-right: auto; background-color: currentColor; \"><\/div>\n<\/div>\n\n\n\n<p><\/p>\n","protected":false},"excerpt":{"rendered":"<p>POUR QUELLES RAISONS CONSULTER ? Les voici regroup\u00e9s en quatre grands th\u00e8mes dans une liste non exhaustive :&nbsp; &#8211; stress, [&hellip;]<\/p>\n","protected":false},"author":1,"featured_media":0,"parent":0,"menu_order":0,"comment_status":"closed","ping_status":"closed","template":"","meta":{"_uag_custom_page_level_css":"","site-sidebar-layout":"default","site-content-layout":"","ast-site-content-layout":"default","site-content-style":"default","site-sidebar-style":"default","ast-global-header-display":"","ast-banner-title-visibility":"","ast-main-header-display":"","ast-hfb-above-header-display":"","ast-hfb-below-header-display":"","ast-hfb-mobile-header-display":"","site-post-title":"disabled","ast-breadcrumbs-content":"","ast-featured-img":"","footer-sml-layout":"","ast-disable-related-posts":"","theme-transparent-header-meta":"","adv-header-id-meta":"","stick-header-meta":"","header-above-stick-meta":"","header-main-stick-meta":"","header-below-stick-meta":"","astra-migrate-meta-layouts":"default","ast-page-background-enabled":"default","ast-page-background-meta":{"desktop":{"background-color":"var(--ast-global-color-4)","background-image":"","background-repeat":"repeat","background-position":"center center","background-size":"auto","background-attachment":"scroll","background-type":"","background-media":"","overlay-type":"","overlay-color":"","overlay-opacity":"","overlay-gradient":""},"tablet":{"background-color":"","background-image":"","background-repeat":"repeat","background-position":"center center","background-size":"auto","background-attachment":"scroll","background-type":"","background-media":"","overlay-type":"","overlay-color":"","overlay-opacity":"","overlay-gradient":""},"mobile":{"background-color":"","background-image":"","background-repeat":"repeat","background-position":"center center","background-size":"auto","background-attachment":"scroll","background-type":"","background-media":"","overlay-type":"","overlay-color":"","overlay-opacity":"","overlay-gradient":""}},"ast-content-background-meta":{"desktop":{"background-color":"var(--ast-global-color-5)","background-image":"","background-repeat":"repeat","background-position":"center center","background-size":"auto","background-attachment":"scroll","background-type":"","background-media":"","overlay-type":"","overlay-color":"","overlay-opacity":"","overlay-gradient":""},"tablet":{"background-color":"var(--ast-global-color-5)","background-image":"","background-repeat":"repeat","background-position":"center center","background-size":"auto","background-attachment":"scroll","background-type":"","background-media":"","overlay-type":"","overlay-color":"","overlay-opacity":"","overlay-gradient":""},"mobile":{"background-color":"var(--ast-global-color-5)","background-image":"","background-repeat":"repeat","background-position":"center center","background-size":"auto","background-attachment":"scroll","background-type":"","background-media":"","overlay-type":"","overlay-color":"","overlay-opacity":"","overlay-gradient":""}},"footnotes":""},"class_list":["post-440","page","type-page","status-publish","hentry"],"uagb_featured_image_src":{"full":false,"thumbnail":false,"medium":false,"medium_large":false,"large":false,"1536x1536":false,"2048x2048":false},"uagb_author_info":{"display_name":"HELENE","author_link":"https:\/\/helene-kinesiologue.fr\/?author=1"},"uagb_comment_info":0,"uagb_excerpt":"POUR QUELLES RAISONS CONSULTER ? Les voici regroup\u00e9s en quatre grands th\u00e8mes dans une liste non exhaustive :&nbsp; &#8211; stress, [&hellip;]","_links":{"self":[{"href":"https:\/\/helene-kinesiologue.fr\/index.php?rest_route=\/wp\/v2\/pages\/440","targetHints":{"allow":["GET"]}}],"collection":[{"href":"https:\/\/helene-kinesiologue.fr\/index.php?rest_route=\/wp\/v2\/pages"}],"about":[{"href":"https:\/\/helene-kinesiologue.fr\/index.php?rest_route=\/wp\/v2\/types\/page"}],"author":[{"embeddable":true,"href":"https:\/\/helene-kinesiologue.fr\/index.php?rest_route=\/wp\/v2\/users\/1"}],"replies":[{"embeddable":true,"href":"https:\/\/helene-kinesiologue.fr\/index.php?rest_route=%2Fwp%2Fv2%2Fcomments&post=440"}],"version-history":[{"count":16,"href":"https:\/\/helene-kinesiologue.fr\/index.php?rest_route=\/wp\/v2\/pages\/440\/revisions"}],"predecessor-version":[{"id":901,"href":"https:\/\/helene-kinesiologue.fr\/index.php?rest_route=\/wp\/v2\/pages\/440\/revisions\/901"}],"wp:attachment":[{"href":"https:\/\/helene-kinesiologue.fr\/index.php?rest_route=%2Fwp%2Fv2%2Fmedia&parent=440"}],"curies":[{"name":"wp","href":"https:\/\/api.w.org\/{rel}","templated":true}]}}