{"id":438,"date":"2026-03-17T15:31:08","date_gmt":"2026-03-17T15:31:08","guid":{"rendered":"https:\/\/helene-kinesiologue.fr\/?page_id=438"},"modified":"2026-04-09T18:08:24","modified_gmt":"2026-04-09T18:08:24","slug":"les-origines-de-la-kinesiologie","status":"publish","type":"page","link":"https:\/\/helene-kinesiologue.fr\/?page_id=438","title":{"rendered":"LES ORIGINES DE LA KINESIOLOGIE"},"content":{"rendered":"\n<h2 class=\"wp-block-heading\"><\/h2>\n\n\n\n<h2 class=\"wp-block-heading\"><\/h2>\n\n\n<div data-spectra-id=\"spectra-mn3e4ziu-0shsya\" style=\"display: flex; justify-content: center; \" class=\"wp-block-spectra-separator wp-block-spectra-separator\">\n\t<div class=\"spectra-separator-line\" style=\"margin-left: auto; margin-right: auto; background-color: currentColor; \"><\/div>\n<\/div>\n\n\n\n<div style=\"height:100px\" aria-hidden=\"true\" class=\"wp-block-spacer\"><\/div>\n\n\n\n<h3 data-aos-delay=\"0\" data-aos-duration=\"400\" data-aos-easing=\"ease\" data-aos-once=\"true\" data-aos=\"fade-up\" class=\"wp-block-heading has-text-align-center\"><strong>LES ORIGINES DE LA KINESIOLOGIE<\/strong><\/h3>\n\n\n\n<h2 class=\"wp-block-heading\"><\/h2>\n\n\n\n<h2 class=\"wp-block-heading\"><\/h2>\n\n\n\t<p data-spectra-id=\"spectra-mn3e82c8-ez2ifp\"\t\tclass=\"wp-block-spectra-content\">\n\t\tLa kin\u00e9siologie est n\u00e9e dans les ann\u00e9es 1960 gr\u00e2ce au chiropracteur am\u00e9ricain, le Dr Goodheart. \t<\/p>\n\n\n\n<p>Il a d\u00e9montr\u00e9 l&rsquo;interaction muscles\/organes\/m\u00e9ridiens d&rsquo;acupuncture, et la relation entre le stress et le tonus musculaire via le test musculaire.<br>&nbsp;<br>En 1973, le Dr John Thie publie son livre Touch For Health dans lequel il pr\u00e9sente des techniques simplifi\u00e9es pour rendre la kin\u00e9siologie accessible \u00e0 tous. Il y met aussi en avant les relations entre certains muscles, les m\u00e9ridiens d&rsquo;acupuncture et leurs points r\u00e9flexes vasculaires et lymphatiques. Ainsi se met en place la notion d&rsquo;un syst\u00e8me d&rsquo;inter-relation entre les syst\u00e8mes structurel, lymphatique, neurologique, psychologique, chimique et \u00e9nerg\u00e9tique. Un stress peut donc d\u00e9s\u00e9quilibrer un ou plusieurs de ces syst\u00e8mes, et la r\u00e9solution d&rsquo;un d\u00e9s\u00e9quilibre dans un syst\u00e8me peut engendrer la r\u00e9solution d&rsquo;un autre d\u00e9s\u00e9quilibre dans un autre syst\u00e8me.<br>&nbsp;<br>Dans les ann\u00e9es 1970, Daniel Whiteside, Gordon Stokes et Candace Callaway d\u00e9veloppent le concept Three in One (ou m\u00e9thode One Brain) qui signifie l&rsquo;int\u00e9gration du corps, du mental et de l&rsquo;esprit. Ils y mettent en \u00e9vidence la relation entre les \u00e9motions et certains probl\u00e8mes physiques.<br>&nbsp;<br>Dans les ann\u00e9es 1980, le Dr Paul Dennison d\u00e9veloppe l&rsquo;Edu kin\u00e9siologie pour am\u00e9liorer l&rsquo;apprentissage. Pour se faire, il propose des mouvements et des positions de bras et de jambes pour am\u00e9liorer la communication entre les h\u00e9misph\u00e8res droit et gauche du cerveau (la Brain Gym).&nbsp;<br><\/p>\n\n\n\n<p>C&rsquo;est \u00e9galement dans les ann\u00e9es 1980 que Rabia et Jean Claude Guyard ont introduit la kin\u00e9siologie en France et ont continu\u00e9 \u00e0 la d\u00e9velopper. Ils ont cr\u00e9\u00e9 le Centre d&rsquo;Etudes des M\u00e9decines Douces puis l&rsquo;EKMA (Ecole de Kin\u00e9siologie et M\u00e9thodes Associ\u00e9es)&nbsp; qui a \u00e9t\u00e9 la premi\u00e8re \u00e9cole en France \u00e0 former et certifier des kin\u00e9siologues.<\/p>\n\n\n\n<div style=\"height:100px\" aria-hidden=\"true\" class=\"wp-block-spacer\"><\/div>\n\n\n<div data-spectra-id=\"spectra-mn3ecm9y-w7isli\" style=\"display: flex; justify-content: center; \" class=\"wp-block-spectra-separator wp-block-spectra-separator\">\n\t<div class=\"spectra-separator-line\" style=\"margin-left: auto; margin-right: auto; background-color: currentColor; \"><\/div>\n<\/div>\n\n\n\n<p><\/p>\n","protected":false},"excerpt":{"rendered":"<p>LES ORIGINES DE LA KINESIOLOGIE Il a d\u00e9montr\u00e9 l&rsquo;interaction muscles\/organes\/m\u00e9ridiens d&rsquo;acupuncture, et la relation entre le stress et le tonus [&hellip;]<\/p>\n","protected":false},"author":1,"featured_media":0,"parent":0,"menu_order":0,"comment_status":"closed","ping_status":"closed","template":"","meta":{"_uag_custom_page_level_css":"","site-sidebar-layout":"default","site-content-layout":"","ast-site-content-layout":"default","site-content-style":"default","site-sidebar-style":"default","ast-global-header-display":"","ast-banner-title-visibility":"","ast-main-header-display":"","ast-hfb-above-header-display":"","ast-hfb-below-header-display":"","ast-hfb-mobile-header-display":"","site-post-title":"disabled","ast-breadcrumbs-content":"","ast-featured-img":"","footer-sml-layout":"","ast-disable-related-posts":"","theme-transparent-header-meta":"","adv-header-id-meta":"","stick-header-meta":"","header-above-stick-meta":"","header-main-stick-meta":"","header-below-stick-meta":"","astra-migrate-meta-layouts":"default","ast-page-background-enabled":"default","ast-page-background-meta":{"desktop":{"background-color":"var(--ast-global-color-4)","background-image":"","background-repeat":"repeat","background-position":"center center","background-size":"auto","background-attachment":"scroll","background-type":"","background-media":"","overlay-type":"","overlay-color":"","overlay-opacity":"","overlay-gradient":""},"tablet":{"background-color":"","background-image":"","background-repeat":"repeat","background-position":"center center","background-size":"auto","background-attachment":"scroll","background-type":"","background-media":"","overlay-type":"","overlay-color":"","overlay-opacity":"","overlay-gradient":""},"mobile":{"background-color":"","background-image":"","background-repeat":"repeat","background-position":"center center","background-size":"auto","background-attachment":"scroll","background-type":"","background-media":"","overlay-type":"","overlay-color":"","overlay-opacity":"","overlay-gradient":""}},"ast-content-background-meta":{"desktop":{"background-color":"var(--ast-global-color-5)","background-image":"","background-repeat":"repeat","background-position":"center center","background-size":"auto","background-attachment":"scroll","background-type":"","background-media":"","overlay-type":"","overlay-color":"","overlay-opacity":"","overlay-gradient":""},"tablet":{"background-color":"var(--ast-global-color-5)","background-image":"","background-repeat":"repeat","background-position":"center center","background-size":"auto","background-attachment":"scroll","background-type":"","background-media":"","overlay-type":"","overlay-color":"","overlay-opacity":"","overlay-gradient":""},"mobile":{"background-color":"var(--ast-global-color-5)","background-image":"","background-repeat":"repeat","background-position":"center center","background-size":"auto","background-attachment":"scroll","background-type":"","background-media":"","overlay-type":"","overlay-color":"","overlay-opacity":"","overlay-gradient":""}},"footnotes":""},"class_list":["post-438","page","type-page","status-publish","hentry"],"uagb_featured_image_src":{"full":false,"thumbnail":false,"medium":false,"medium_large":false,"large":false,"1536x1536":false,"2048x2048":false},"uagb_author_info":{"display_name":"HELENE","author_link":"https:\/\/helene-kinesiologue.fr\/?author=1"},"uagb_comment_info":0,"uagb_excerpt":"LES ORIGINES DE LA KINESIOLOGIE Il a d\u00e9montr\u00e9 l&rsquo;interaction muscles\/organes\/m\u00e9ridiens d&rsquo;acupuncture, et la relation entre le stress et le tonus [&hellip;]","_links":{"self":[{"href":"https:\/\/helene-kinesiologue.fr\/index.php?rest_route=\/wp\/v2\/pages\/438","targetHints":{"allow":["GET"]}}],"collection":[{"href":"https:\/\/helene-kinesiologue.fr\/index.php?rest_route=\/wp\/v2\/pages"}],"about":[{"href":"https:\/\/helene-kinesiologue.fr\/index.php?rest_route=\/wp\/v2\/types\/page"}],"author":[{"embeddable":true,"href":"https:\/\/helene-kinesiologue.fr\/index.php?rest_route=\/wp\/v2\/users\/1"}],"replies":[{"embeddable":true,"href":"https:\/\/helene-kinesiologue.fr\/index.php?rest_route=%2Fwp%2Fv2%2Fcomments&post=438"}],"version-history":[{"count":15,"href":"https:\/\/helene-kinesiologue.fr\/index.php?rest_route=\/wp\/v2\/pages\/438\/revisions"}],"predecessor-version":[{"id":896,"href":"https:\/\/helene-kinesiologue.fr\/index.php?rest_route=\/wp\/v2\/pages\/438\/revisions\/896"}],"wp:attachment":[{"href":"https:\/\/helene-kinesiologue.fr\/index.php?rest_route=%2Fwp%2Fv2%2Fmedia&parent=438"}],"curies":[{"name":"wp","href":"https:\/\/api.w.org\/{rel}","templated":true}]}}