{"id":436,"date":"2026-03-17T15:14:24","date_gmt":"2026-03-17T15:14:24","guid":{"rendered":"https:\/\/helene-kinesiologue.fr\/?page_id=436"},"modified":"2026-04-09T18:02:36","modified_gmt":"2026-04-09T18:02:36","slug":"mon-parcours","status":"publish","type":"page","link":"https:\/\/helene-kinesiologue.fr\/?page_id=436","title":{"rendered":"MON PARCOURS"},"content":{"rendered":"\n<p><\/p>\n\n\n\n<p><\/p>\n\n\n\n<h2 class=\"wp-block-heading\"><\/h2>\n\n\n<div data-spectra-id=\"spectra-mmuydeux-fv79o3\" style=\"display: flex; justify-content: center; \" class=\"wp-block-spectra-separator wp-block-spectra-separator\">\n\t<div class=\"spectra-separator-line\" style=\"margin-left: auto; margin-right: auto; background-color: currentColor; \"><\/div>\n<\/div>\n\n\n\n<div style=\"height:100px\" aria-hidden=\"true\" class=\"wp-block-spacer\"><\/div>\n\n\n\n<h3 data-aos-delay=\"0\" data-aos-duration=\"400\" data-aos-easing=\"ease\" data-aos-once=\"true\" data-aos=\"fade-up\" class=\"wp-block-heading has-text-align-center\">MON PARCOURS<\/h3>\n\n\n\n<p><\/p>\n\n\n\n<p><\/p>\n\n\n\n<p>Apr\u00e8s des \u00e9tudes en commerce international et une exp\u00e9rience de plusieurs ann\u00e9es en service client\u00e8le, j&rsquo;ai travaill\u00e9 plus de 15 ans dans le domaine de la comptabilit\u00e9. En parall\u00e8le, dans ma vie personnelle, j&rsquo;ai ressenti le besoin d&rsquo;entamer un travail profond sur moi-m\u00eame pour mieux me comprendre, me retrouver et me reconstruire sur des bases plus solides. Pour se faire, je me suis dirig\u00e9e vers plusieurs m\u00e9thodes th\u00e9rapeutiques telles que la psychoth\u00e9rapie, l&rsquo;EMDR, l&rsquo;hypnose ou la sophrologie. Chacune d&rsquo;elles m&rsquo;a aid\u00e9e \u00e0 avancer petit \u00e0 petit. Un jour, j&rsquo;ai lu un post sur le compte instagram de mon hypnoth\u00e9rapeute (merci Laura !) qui pr\u00e9sentait sa coll\u00e8gue kin\u00e9siologue. Je ne connaissais pas et ma curiosit\u00e9 a \u00e9t\u00e9 piqu\u00e9e, j&rsquo;ai donc voulu essayer pour voir. Ma premi\u00e8re s\u00e9ance m&rsquo;a beaucoup surprise : comment ma kin\u00e9siologue pouvait-elle m&rsquo;\u00e9voquer toutes ces choses qui me parlaient tellement alors qu&rsquo;elle me voyait pour la premi\u00e8re fois ?! Au del\u00e0 de \u00e7a, j&rsquo;ai senti que cette technique me parlait beaucoup et qu&rsquo;il \u00e9tait important de continuer cet accompagnement. Alors j&rsquo;ai mis de c\u00f4t\u00e9 mes interrogations et je me suis concentr\u00e9e uniquement sur les sujets abord\u00e9s durant nos s\u00e9ances. Ce travail d&rsquo;\u00e9quipe et mes efforts ont fini par payer : j&rsquo;ai pu retrouver mon \u00e9quilibre int\u00e9rieur et reprendre sereinement ma vie en main. Ce nouveau d\u00e9part s&rsquo;est traduit entre autre par un changement de cap professionnel : il \u00e9tait temps pour moi de me tourner&nbsp; vers un de mes premiers int\u00e9r\u00eats : l&rsquo;humain et son fonctionnement. J&rsquo;ai donc d\u00e9cid\u00e9 de reprendre mes \u00e9tudes en int\u00e9grant l&rsquo;EKMA (Ecole de Kin\u00e9siologie et de M\u00e9thodes Associ\u00e9es) pour me former \u00e0 la kin\u00e9siologie et \u00e0 l&rsquo;enn\u00e9agramme. J&rsquo;ai \u00e9t\u00e9 certifi\u00e9e en 2024, et depuis, j&rsquo;ai \u00e0 coeur d&rsquo;accompagner au mieux les personnes qui souhaitent prendre soin d&rsquo;elles, mieux se conna\u00eetre et retrouver leur plein potentiel.<\/p>\n\n\n\n<h2 class=\"wp-block-heading\"><\/h2>\n\n\n\n<h2 class=\"wp-block-heading\"><\/h2>\n\n\n\n<figure data-spectra-id=\"spectra-mnrrs7ij-inxl8k\" class=\"wp-block-image aligncenter size-large is-resized has-custom-border\"><img loading=\"lazy\" decoding=\"async\" width=\"1024\" height=\"768\" src=\"https:\/\/helene-kinesiologue.fr\/wp-content\/uploads\/2026\/04\/SEANCE-1024x768.jpg\" alt=\"\" class=\"has-border-color wp-image-883\" srcset=\"https:\/\/helene-kinesiologue.fr\/wp-content\/uploads\/2026\/04\/SEANCE-1024x768.jpg 1024w, https:\/\/helene-kinesiologue.fr\/wp-content\/uploads\/2026\/04\/SEANCE-300x225.jpg 300w, https:\/\/helene-kinesiologue.fr\/wp-content\/uploads\/2026\/04\/SEANCE-768x576.jpg 768w, https:\/\/helene-kinesiologue.fr\/wp-content\/uploads\/2026\/04\/SEANCE-1536x1152.jpg 1536w, https:\/\/helene-kinesiologue.fr\/wp-content\/uploads\/2026\/04\/SEANCE.jpg 1600w\" sizes=\"auto, (max-width: 1024px) 100vw, 1024px\" \/><\/figure>\n\n\n\n<h2 class=\"wp-block-heading\"><\/h2>\n\n\n\n<div style=\"height:100px\" aria-hidden=\"true\" class=\"wp-block-spacer\"><\/div>\n\n\n<div data-spectra-id=\"spectra-mmuyecr7-8vu2kw\" style=\"display: flex; justify-content: center; \" class=\"wp-block-spectra-separator wp-block-spectra-separator\">\n\t<div class=\"spectra-separator-line\" style=\"margin-left: auto; margin-right: auto; background-color: currentColor; \"><\/div>\n<\/div>\n\n\n\n<p><\/p>\n","protected":false},"excerpt":{"rendered":"<p>MON PARCOURS Apr\u00e8s des \u00e9tudes en commerce international et une exp\u00e9rience de plusieurs ann\u00e9es en service client\u00e8le, j&rsquo;ai travaill\u00e9 plus [&hellip;]<\/p>\n","protected":false},"author":1,"featured_media":0,"parent":0,"menu_order":0,"comment_status":"closed","ping_status":"closed","template":"","meta":{"_uag_custom_page_level_css":"","site-sidebar-layout":"default","site-content-layout":"","ast-site-content-layout":"default","site-content-style":"default","site-sidebar-style":"default","ast-global-header-display":"","ast-banner-title-visibility":"","ast-main-header-display":"","ast-hfb-above-header-display":"","ast-hfb-below-header-display":"","ast-hfb-mobile-header-display":"","site-post-title":"disabled","ast-breadcrumbs-content":"","ast-featured-img":"","footer-sml-layout":"","ast-disable-related-posts":"","theme-transparent-header-meta":"","adv-header-id-meta":"","stick-header-meta":"","header-above-stick-meta":"","header-main-stick-meta":"","header-below-stick-meta":"","astra-migrate-meta-layouts":"default","ast-page-background-enabled":"default","ast-page-background-meta":{"desktop":{"background-color":"var(--ast-global-color-4)","background-image":"","background-repeat":"repeat","background-position":"center center","background-size":"auto","background-attachment":"scroll","background-type":"","background-media":"","overlay-type":"","overlay-color":"","overlay-opacity":"","overlay-gradient":""},"tablet":{"background-color":"","background-image":"","background-repeat":"repeat","background-position":"center center","background-size":"auto","background-attachment":"scroll","background-type":"","background-media":"","overlay-type":"","overlay-color":"","overlay-opacity":"","overlay-gradient":""},"mobile":{"background-color":"","background-image":"","background-repeat":"repeat","background-position":"center center","background-size":"auto","background-attachment":"scroll","background-type":"","background-media":"","overlay-type":"","overlay-color":"","overlay-opacity":"","overlay-gradient":""}},"ast-content-background-meta":{"desktop":{"background-color":"var(--ast-global-color-5)","background-image":"","background-repeat":"repeat","background-position":"center center","background-size":"auto","background-attachment":"scroll","background-type":"","background-media":"","overlay-type":"","overlay-color":"","overlay-opacity":"","overlay-gradient":""},"tablet":{"background-color":"var(--ast-global-color-5)","background-image":"","background-repeat":"repeat","background-position":"center center","background-size":"auto","background-attachment":"scroll","background-type":"","background-media":"","overlay-type":"","overlay-color":"","overlay-opacity":"","overlay-gradient":""},"mobile":{"background-color":"var(--ast-global-color-5)","background-image":"","background-repeat":"repeat","background-position":"center center","background-size":"auto","background-attachment":"scroll","background-type":"","background-media":"","overlay-type":"","overlay-color":"","overlay-opacity":"","overlay-gradient":""}},"footnotes":""},"class_list":["post-436","page","type-page","status-publish","hentry"],"uagb_featured_image_src":{"full":false,"thumbnail":false,"medium":false,"medium_large":false,"large":false,"1536x1536":false,"2048x2048":false},"uagb_author_info":{"display_name":"HELENE","author_link":"https:\/\/helene-kinesiologue.fr\/?author=1"},"uagb_comment_info":0,"uagb_excerpt":"MON PARCOURS Apr\u00e8s des \u00e9tudes en commerce international et une exp\u00e9rience de plusieurs ann\u00e9es en service client\u00e8le, j&rsquo;ai travaill\u00e9 plus [&hellip;]","_links":{"self":[{"href":"https:\/\/helene-kinesiologue.fr\/index.php?rest_route=\/wp\/v2\/pages\/436","targetHints":{"allow":["GET"]}}],"collection":[{"href":"https:\/\/helene-kinesiologue.fr\/index.php?rest_route=\/wp\/v2\/pages"}],"about":[{"href":"https:\/\/helene-kinesiologue.fr\/index.php?rest_route=\/wp\/v2\/types\/page"}],"author":[{"embeddable":true,"href":"https:\/\/helene-kinesiologue.fr\/index.php?rest_route=\/wp\/v2\/users\/1"}],"replies":[{"embeddable":true,"href":"https:\/\/helene-kinesiologue.fr\/index.php?rest_route=%2Fwp%2Fv2%2Fcomments&post=436"}],"version-history":[{"count":16,"href":"https:\/\/helene-kinesiologue.fr\/index.php?rest_route=\/wp\/v2\/pages\/436\/revisions"}],"predecessor-version":[{"id":891,"href":"https:\/\/helene-kinesiologue.fr\/index.php?rest_route=\/wp\/v2\/pages\/436\/revisions\/891"}],"wp:attachment":[{"href":"https:\/\/helene-kinesiologue.fr\/index.php?rest_route=%2Fwp%2Fv2%2Fmedia&parent=436"}],"curies":[{"name":"wp","href":"https:\/\/api.w.org\/{rel}","templated":true}]}}