{"id":21,"date":"2026-03-16T11:19:30","date_gmt":"2026-03-16T11:19:30","guid":{"rendered":"https:\/\/helene-kinesiologue.fr\/?page_id=21"},"modified":"2026-04-09T18:17:04","modified_gmt":"2026-04-09T18:17:04","slug":"contact","status":"publish","type":"page","link":"https:\/\/helene-kinesiologue.fr\/?page_id=21","title":{"rendered":"CONTACT"},"content":{"rendered":"\n<h2 class=\"wp-block-heading\"><\/h2>\n\n\n\n<h2 class=\"wp-block-heading\"><\/h2>\n\n\n<div data-spectra-id=\"spectra-mn954sxc-18s8ob\" style=\"display: flex; justify-content: center; \" class=\"wp-block-spectra-separator wp-block-spectra-separator\">\n\t<div class=\"spectra-separator-line\" style=\"margin-left: auto; margin-right: auto; background-color: currentColor; \"><\/div>\n<\/div>\n\n\n\n<div style=\"height:100px\" aria-hidden=\"true\" class=\"wp-block-spacer\"><\/div>\n\n\n\n<h3 data-aos-delay=\"0\" data-aos-duration=\"400\" data-aos-easing=\"ease\" data-aos-once=\"true\" data-aos=\"fade-up\" class=\"wp-block-heading has-text-align-center\"><strong>CONTACT<\/strong>S<\/h3>\n\n\n\n<h2 class=\"wp-block-heading\"><\/h2>\n\n\n\n<h2 class=\"wp-block-heading\"><\/h2>\n\n\n\n<p><\/p>\n\n\n\n<h2 class=\"wp-block-heading\"><\/h2>\n\n\n\n<h2 class=\"wp-block-heading\"><\/h2>\n\n\n\n<p><\/p>\n\n\n\n<p><\/p>\n\n\n\n<p><\/p>\n\n\n\n<div class=\"wp-block-columns has-border-color has-ast-global-color-5-background-color has-background is-layout-flex wp-container-core-columns-is-layout-0885bad6 wp-block-columns-is-layout-flex\" style=\"border-color:var(--ast-global-color-0);border-width:3px;border-top-left-radius:13px;border-top-right-radius:13px;border-bottom-left-radius:13px;border-bottom-right-radius:13px;margin-top:0;margin-bottom:0;padding-top:var(--wp--preset--spacing--40);padding-right:var(--wp--preset--spacing--40);padding-bottom:var(--wp--preset--spacing--40);padding-left:var(--wp--preset--spacing--40)\">\n<div class=\"wp-block-column is-layout-flow wp-block-column-is-layout-flow\">\n<p class=\"has-text-align-center\"><\/p>\n\n\n\n<h5 data-aos-delay=\"0\" data-aos-duration=\"400\" data-aos-easing=\"ease\" data-aos-once=\"true\" data-aos=\"slide-up\" class=\"wp-block-heading has-text-align-center\"><strong>POUR VENIR AU CABINET :<\/strong><\/h5>\n\n\n\n<p class=\"has-text-align-center\"><\/p>\n\n\n\n<h5 data-aos-delay=\"0\" data-aos-duration=\"400\" data-aos-easing=\"ease\" data-aos-once=\"true\" data-aos=\"slide-up\" class=\"wp-block-heading has-text-align-center has-ast-global-color-3-color has-text-color has-link-color wp-elements-39f8158c6631dd284df0910239e6975c\"><strong>60 RUE DU 11 NOVEMBRE 1918<\/strong><\/h5>\n\n\n\n<h5 data-aos-delay=\"0\" data-aos-duration=\"400\" data-aos-easing=\"ease\" data-aos-once=\"true\" data-aos=\"slide-up\" class=\"wp-block-heading has-text-align-center has-ast-global-color-3-color has-text-color has-link-color wp-elements-38a63370e93ccdfa1e93d5d0ed0bba43\"><strong>94700 MAISONS ALFORT<\/strong><\/h5>\n\n\n\n<p><\/p>\n\n\n\t<p data-spectra-id=\"spectra-mn99tgtl-cgqrjf\"\t\tclass=\"wp-block-spectra-content\">\n\t\t<br>\t<\/p>\n\n\n\n<p><strong>En voiture : stationnement gratuit<\/strong><\/p>\n\n\n\n<p><strong>En m\u00e9tro (\u00e0 4 min de marche) : ligne 8 station Maisons Alfort Stade <\/strong><\/p>\n\n\n\n<p><strong>En RER (\u00e0 5 min de marche) : ligne D station Maisons Alfort-Alfortville<\/strong><\/p>\n\n\n\n<p><strong>En bus : 172 (arr\u00eat R\u00e9publique Blum), 104 (arr\u00eat M\u00e9tro Stade), 217 (arr\u00eat R\u00e9publique Blum) et 181 (arr\u00eat 11 novembre 1918)<\/strong><\/p>\n\n\n\n<p><strong>Communes \u00e0 proximit\u00e9 (94 et 75) : Alfortville, Cr\u00e9teil, Vitry sur Seine, Ivry sur Seine, Choisy le Roi, Saint Maurice, Charenton le Pont et Paris<\/strong><\/p>\n<\/div>\n\n\n\n<div class=\"wp-block-column is-layout-flow wp-block-column-is-layout-flow\"><div data-spectra-id=\"spectra-mn98bmmp-7z13ba\" class=\"spectra-google-map wp-block-spectra-google-map\">\n\t<embed\n\t\tclass=\"spectra-google-map__iframe\"\n\t\ttitle=\"Carte Google pour 60 RUE DU 11 NOVEMBRE 1918 94700 MAISONS ALFORT\"\n\t\tsrc=\"https:\/\/maps.google.com\/maps?q=60+RUE+DU+11+NOVEMBRE+1918+94700+MAISONS+ALFORT&#038;z=15&#038;hl=fr&#038;t=m&#038;output=embed&#038;iwloc=near\"\n\t\twidth=\"100%\"\n\t\theight=\"100%\"\n\t\tstyle=\"border: 0;\"\n\t\tallowfullscreen=\"\"\n\t\tloading=\"lazy\"\n\t\treferrerpolicy=\"no-referrer-when-downgrade\"\n\t><\/embed>\n<\/div>\n<\/div>\n<\/div>\n\n\n\n\n\n<h2 class=\"wp-block-heading\"><\/h2>\n\n\n\n<h2 class=\"wp-block-heading\"><\/h2>\n\n\n\n<p><\/p>\n\n\n\n<p><\/p>\n\n\n\n<h5 data-aos-delay=\"0\" data-aos-duration=\"400\" data-aos-easing=\"ease\" data-aos-once=\"true\" data-aos=\"fade-up\" class=\"wp-block-heading has-text-align-center\"><strong>POUR PRENDRE RDV<\/strong> <br><\/h5>\n\n\n\n<div class=\"wp-block-columns has-border-color has-ast-global-color-5-background-color has-background is-layout-flex wp-container-core-columns-is-layout-85958d59 wp-block-columns-is-layout-flex\" style=\"border-color:var(--ast-global-color-0);border-width:3px;border-top-left-radius:13px;border-top-right-radius:13px;border-bottom-left-radius:13px;border-bottom-right-radius:13px;padding-top:var(--wp--preset--spacing--40);padding-right:var(--wp--preset--spacing--40);padding-bottom:var(--wp--preset--spacing--40);padding-left:var(--wp--preset--spacing--40)\">\n<div class=\"wp-block-column is-vertically-aligned-center is-layout-flow wp-block-column-is-layout-flow\">\n<div class=\"wp-block-columns is-layout-flex wp-container-core-columns-is-layout-28f84493 wp-block-columns-is-layout-flex\">\n<div class=\"wp-block-column is-layout-flow wp-block-column-is-layout-flow\"><div data-spectra-id=\"spectra-mnaqd7g9-awhlcn\" class=\"wp-block-button spectra-buttons wp-block-spectra-buttons\">\n\t\n<a data-spectra-id=\"spectra-mnaqd7pc-bv6tbq\" data-aos-delay=\"0\" data-aos-duration=\"400\" data-aos-easing=\"ease\" data-aos-once=\"true\" data-aos=\"fade-up\" style=\"--spectra-text-color: ast-global-color-3;--spectra-background-color: ast-global-color-2;--spectra-icon-color: var(--ast-global-color-3)\" class=\"wp-block-button__link wp-element-button spectra-text-color spectra-background-color spectra-icon-color wp-elements-785d5292bf2b059e685394e455e403b2 wp-block-spectra-button has-text-color has-ast-global-color-3-color has-background has-ast-global-color-2-background-color\">\n<div class=\"spectra-button__link\">PRENDRE RDV<\/div>\t\t\t<svg class=\"spectra-button__icon spectra-button__icon-position-after spectra-icon-color spectra-icon\" xmlns=\"https:\/\/www.w3.org\/2000\/svg\" viewBox=\"0 0 448 512\" focusable=\"false\"><path d=\"M160 32V64H288V32C288 14.33 302.3 0 320 0C337.7 0 352 14.33 352 32V64H400C426.5 64 448 85.49 448 112V160H0V112C0 85.49 21.49 64 48 64H96V32C96 14.33 110.3 0 128 0C145.7 0 160 14.33 160 32zM0 192H448V464C448 490.5 426.5 512 400 512H48C21.49 512 0 490.5 0 464V192zM64 304C64 312.8 71.16 320 80 320H112C120.8 320 128 312.8 128 304V272C128 263.2 120.8 256 112 256H80C71.16 256 64 263.2 64 272V304zM192 304C192 312.8 199.2 320 208 320H240C248.8 320 256 312.8 256 304V272C256 263.2 248.8 256 240 256H208C199.2 256 192 263.2 192 272V304zM336 256C327.2 256 320 263.2 320 272V304C320 312.8 327.2 320 336 320H368C376.8 320 384 312.8 384 304V272C384 263.2 376.8 256 368 256H336zM64 432C64 440.8 71.16 448 80 448H112C120.8 448 128 440.8 128 432V400C128 391.2 120.8 384 112 384H80C71.16 384 64 391.2 64 400V432zM208 384C199.2 384 192 391.2 192 400V432C192 440.8 199.2 448 208 448H240C248.8 448 256 440.8 256 432V400C256 391.2 248.8 384 240 384H208zM320 432C320 440.8 327.2 448 336 448H368C376.8 448 384 440.8 384 432V400C384 391.2 376.8 384 368 384H336C327.2 384 320 391.2 320 400V432z\"><\/path><\/svg>\n\t\t\t<\/a>\n\n<\/div>\n<\/div>\n<\/div>\n<\/div>\n\n\n\n<div class=\"wp-block-column is-layout-flow wp-block-column-is-layout-flow\">\n<figure data-spectra-id=\"spectra-mn9aht9i-tk5bbc\" data-aos-delay=\"0\" data-aos-duration=\"400\" data-aos-easing=\"ease\" data-aos-once=\"true\" data-aos=\"slide-up\" class=\"wp-block-image aligncenter size-large is-resized has-custom-border\"><img loading=\"lazy\" decoding=\"async\" width=\"1024\" height=\"576\" src=\"http:\/\/helene-kinesiologue.fr\/wp-content\/uploads\/2026\/03\/pexels-photo-1006122-1006122-1024x576.jpg\" alt=\"A monochrome photo of a hand reaching towards a vintage black rotary telephone in an indoor setting.\" class=\"has-border-color wp-image-742\" srcset=\"https:\/\/helene-kinesiologue.fr\/wp-content\/uploads\/2026\/03\/pexels-photo-1006122-1006122-1024x576.jpg 1024w, https:\/\/helene-kinesiologue.fr\/wp-content\/uploads\/2026\/03\/pexels-photo-1006122-1006122-300x169.jpg 300w, https:\/\/helene-kinesiologue.fr\/wp-content\/uploads\/2026\/03\/pexels-photo-1006122-1006122-768x432.jpg 768w, https:\/\/helene-kinesiologue.fr\/wp-content\/uploads\/2026\/03\/pexels-photo-1006122-1006122-1536x864.jpg 1536w, https:\/\/helene-kinesiologue.fr\/wp-content\/uploads\/2026\/03\/pexels-photo-1006122-1006122-2048x1152.jpg 2048w\" sizes=\"auto, (max-width: 1024px) 100vw, 1024px\" \/><\/figure>\n\n\n\t<p data-spectra-id=\"spectra-mn9aoiv4-2l1due\"\t\tclass=\"wp-block-spectra-content\">\n\t\t<strong>06 02 05 86 33<\/strong>\t<\/p>\n<\/div>\n\n\n\n<div class=\"wp-block-column is-layout-flow wp-block-column-is-layout-flow\">\n<figure data-spectra-id=\"spectra-mn9b5jmy-0ojtro\" data-aos-delay=\"0\" data-aos-duration=\"400\" data-aos-easing=\"ease\" data-aos-once=\"true\" data-aos=\"slide-up\" class=\"wp-block-image aligncenter size-large is-resized has-custom-border\"><img loading=\"lazy\" decoding=\"async\" width=\"1024\" height=\"683\" src=\"http:\/\/helene-kinesiologue.fr\/wp-content\/uploads\/2026\/03\/pexels-photo-7821760-7821760-1024x683.jpg\" alt=\"\" class=\"has-border-color wp-image-749\" srcset=\"https:\/\/helene-kinesiologue.fr\/wp-content\/uploads\/2026\/03\/pexels-photo-7821760-7821760-1024x683.jpg 1024w, https:\/\/helene-kinesiologue.fr\/wp-content\/uploads\/2026\/03\/pexels-photo-7821760-7821760-300x200.jpg 300w, https:\/\/helene-kinesiologue.fr\/wp-content\/uploads\/2026\/03\/pexels-photo-7821760-7821760-768x512.jpg 768w\" sizes=\"auto, (max-width: 1024px) 100vw, 1024px\" \/><\/figure>\n\n\n\t<p data-spectra-id=\"spectra-mn9bfk63-vpi9ny\"\t\tclass=\"wp-block-spectra-content\">\n\t\t<strong>HELENEBAUDINKINESIO@ORANGE.FR<\/strong>\t<\/p>\n<\/div>\n<\/div>\n\n\n\n<h2 class=\"wp-block-heading\"><\/h2>\n\n\n\n<div style=\"height:100px\" aria-hidden=\"true\" class=\"wp-block-spacer\"><\/div>\n\n\n<div data-spectra-id=\"spectra-mngap5y5-2wd6xy\" style=\"display: flex; justify-content: center; \" class=\"wp-block-spectra-separator wp-block-spectra-separator\">\n\t<div class=\"spectra-separator-line\" style=\"margin-left: auto; margin-right: auto; background-color: currentColor; \"><\/div>\n<\/div>\n\n\n\n<p><\/p>\n","protected":false},"excerpt":{"rendered":"<p>CONTACTS POUR VENIR AU CABINET : 60 RUE DU 11 NOVEMBRE 1918 94700 MAISONS ALFORT En voiture : stationnement gratuit [&hellip;]<\/p>\n","protected":false},"author":1,"featured_media":0,"parent":0,"menu_order":0,"comment_status":"closed","ping_status":"closed","template":"","meta":{"_uag_custom_page_level_css":"","site-sidebar-layout":"default","site-content-layout":"","ast-site-content-layout":"default","site-content-style":"default","site-sidebar-style":"default","ast-global-header-display":"","ast-banner-title-visibility":"","ast-main-header-display":"","ast-hfb-above-header-display":"","ast-hfb-below-header-display":"","ast-hfb-mobile-header-display":"","site-post-title":"disabled","ast-breadcrumbs-content":"","ast-featured-img":"","footer-sml-layout":"","ast-disable-related-posts":"","theme-transparent-header-meta":"","adv-header-id-meta":"","stick-header-meta":"","header-above-stick-meta":"","header-main-stick-meta":"","header-below-stick-meta":"","astra-migrate-meta-layouts":"default","ast-page-background-enabled":"default","ast-page-background-meta":{"desktop":{"background-color":"var(--ast-global-color-4)","background-image":"","background-repeat":"repeat","background-position":"center center","background-size":"auto","background-attachment":"scroll","background-type":"","background-media":"","overlay-type":"","overlay-color":"","overlay-opacity":"","overlay-gradient":""},"tablet":{"background-color":"","background-image":"","background-repeat":"repeat","background-position":"center center","background-size":"auto","background-attachment":"scroll","background-type":"","background-media":"","overlay-type":"","overlay-color":"","overlay-opacity":"","overlay-gradient":""},"mobile":{"background-color":"","background-image":"","background-repeat":"repeat","background-position":"center center","background-size":"auto","background-attachment":"scroll","background-type":"","background-media":"","overlay-type":"","overlay-color":"","overlay-opacity":"","overlay-gradient":""}},"ast-content-background-meta":{"desktop":{"background-color":"var(--ast-global-color-5)","background-image":"","background-repeat":"repeat","background-position":"center center","background-size":"auto","background-attachment":"scroll","background-type":"","background-media":"","overlay-type":"","overlay-color":"","overlay-opacity":"","overlay-gradient":""},"tablet":{"background-color":"var(--ast-global-color-5)","background-image":"","background-repeat":"repeat","background-position":"center center","background-size":"auto","background-attachment":"scroll","background-type":"","background-media":"","overlay-type":"","overlay-color":"","overlay-opacity":"","overlay-gradient":""},"mobile":{"background-color":"var(--ast-global-color-5)","background-image":"","background-repeat":"repeat","background-position":"center center","background-size":"auto","background-attachment":"scroll","background-type":"","background-media":"","overlay-type":"","overlay-color":"","overlay-opacity":"","overlay-gradient":""}},"footnotes":""},"class_list":["post-21","page","type-page","status-publish","hentry"],"uagb_featured_image_src":{"full":false,"thumbnail":false,"medium":false,"medium_large":false,"large":false,"1536x1536":false,"2048x2048":false},"uagb_author_info":{"display_name":"HELENE","author_link":"https:\/\/helene-kinesiologue.fr\/?author=1"},"uagb_comment_info":0,"uagb_excerpt":"CONTACTS POUR VENIR AU CABINET : 60 RUE DU 11 NOVEMBRE 1918 94700 MAISONS ALFORT En voiture : stationnement gratuit [&hellip;]","_links":{"self":[{"href":"https:\/\/helene-kinesiologue.fr\/index.php?rest_route=\/wp\/v2\/pages\/21","targetHints":{"allow":["GET"]}}],"collection":[{"href":"https:\/\/helene-kinesiologue.fr\/index.php?rest_route=\/wp\/v2\/pages"}],"about":[{"href":"https:\/\/helene-kinesiologue.fr\/index.php?rest_route=\/wp\/v2\/types\/page"}],"author":[{"embeddable":true,"href":"https:\/\/helene-kinesiologue.fr\/index.php?rest_route=\/wp\/v2\/users\/1"}],"replies":[{"embeddable":true,"href":"https:\/\/helene-kinesiologue.fr\/index.php?rest_route=%2Fwp%2Fv2%2Fcomments&post=21"}],"version-history":[{"count":29,"href":"https:\/\/helene-kinesiologue.fr\/index.php?rest_route=\/wp\/v2\/pages\/21\/revisions"}],"predecessor-version":[{"id":904,"href":"https:\/\/helene-kinesiologue.fr\/index.php?rest_route=\/wp\/v2\/pages\/21\/revisions\/904"}],"wp:attachment":[{"href":"https:\/\/helene-kinesiologue.fr\/index.php?rest_route=%2Fwp%2Fv2%2Fmedia&parent=21"}],"curies":[{"name":"wp","href":"https:\/\/api.w.org\/{rel}","templated":true}]}}