{"id":20,"date":"2026-03-16T11:19:30","date_gmt":"2026-03-16T11:19:30","guid":{"rendered":"https:\/\/helene-kinesiologue.fr\/?page_id=20"},"modified":"2026-04-09T18:16:17","modified_gmt":"2026-04-09T18:16:17","slug":"les-tarifs","status":"publish","type":"page","link":"https:\/\/helene-kinesiologue.fr\/?page_id=20","title":{"rendered":"LES TARIFS"},"content":{"rendered":"\n<h2 class=\"wp-block-heading\"><\/h2>\n\n\n\n<h2 class=\"wp-block-heading\"><\/h2>\n\n\n<div data-spectra-id=\"spectra-mn3hy5ny-ua0aw1\" style=\"display: flex; justify-content: center; \" class=\"wp-block-spectra-separator wp-block-spectra-separator\">\n\t<div class=\"spectra-separator-line\" style=\"margin-left: auto; margin-right: auto; background-color: currentColor; \"><\/div>\n<\/div>\n\n\n\n<div style=\"height:100px\" aria-hidden=\"true\" class=\"wp-block-spacer\"><\/div>\n\n\n\n<h3 data-aos-delay=\"0\" data-aos-duration=\"400\" data-aos-easing=\"ease\" data-aos-once=\"true\" data-aos=\"fade-up\" class=\"wp-block-heading has-text-align-center\"><strong>LES TARIFS<\/strong><\/h3>\n\n\n\n<h2 class=\"wp-block-heading\"><\/h2>\n\n\n\n<h2 class=\"wp-block-heading\"><\/h2>\n\n\n\n<div class=\"wp-block-columns has-border-color has-ast-global-color-5-background-color has-background is-layout-flex wp-container-core-columns-is-layout-85958d59 wp-block-columns-is-layout-flex\" style=\"border-color:var(--ast-global-color-0);border-width:3px;border-top-left-radius:13px;border-top-right-radius:13px;border-bottom-left-radius:13px;border-bottom-right-radius:13px;padding-top:var(--wp--preset--spacing--40);padding-right:var(--wp--preset--spacing--40);padding-bottom:var(--wp--preset--spacing--40);padding-left:var(--wp--preset--spacing--40)\">\n<div class=\"wp-block-column is-layout-flow wp-block-column-is-layout-flow\">\t<p data-spectra-id=\"spectra-mn3i0mum-nljk80\" data-aos-delay=\"0\" data-aos-duration=\"400\" data-aos-easing=\"ease\" data-aos-once=\"true\" data-aos=\"slide-up\"\t\tstyle=\"--spectra-text-color: ast-global-color-0;\" class=\"has-text-color has-link-color spectra-text-color wp-elements-c01a985fac25e29a7d412537909f348a wp-block-spectra-content has-text-color has-ast-global-color-0-color\">\n\t\t<strong>SEANCE DE KINESIOLOGIE<\/strong>\t<\/p>\n\n\n\n<p data-aos-delay=\"0\" data-aos-duration=\"400\" data-aos-easing=\"ease\" data-aos-once=\"true\" data-aos=\"fade-up\" class=\"has-text-align-center has-ast-global-color-3-color has-text-color has-link-color wp-elements-7cff5cb0179f520cf0842ba29f422df3\"><strong>UNIQUEMENT EN PRESENTIEL<\/strong><\/p>\n\n\n\t<p data-spectra-id=\"spectra-mn3i1q6h-vi3l4b\"\t\tstyle=\"--spectra-text-color: ast-global-color-3;\" class=\"has-text-color has-link-color spectra-text-color wp-elements-9ddf6d087b349030efa0de8e29a19d38 wp-block-spectra-content has-text-color has-ast-global-color-3-color\">\n\t\t<strong>DUREE : 1H30<\/strong>\t<\/p>\n\n\n\t<p data-spectra-id=\"spectra-mn3i2m96-p0dlxl\" data-aos-delay=\"0\" data-aos-duration=\"400\" data-aos-easing=\"ease\" data-aos-once=\"true\" data-aos=\"slide-up\"\t\tstyle=\"--spectra-text-color: ast-global-color-0;\" class=\"has-text-color has-link-color spectra-text-color wp-elements-4529c09fe905197c704b7508f2b64723 wp-block-spectra-content has-text-color has-ast-global-color-0-color\">\n\t\t<strong>70 EUROS<\/strong>\t<\/p>\n<\/div>\n\n\n\n<div class=\"wp-block-column is-layout-flow wp-block-column-is-layout-flow\">\t<p data-spectra-id=\"spectra-mn3i3t77-yhb23j\" data-aos-delay=\"0\" data-aos-duration=\"400\" data-aos-easing=\"ease\" data-aos-once=\"true\" data-aos=\"slide-up\"\t\tstyle=\"--spectra-text-color: ast-global-color-0;\" class=\"has-text-color has-link-color spectra-text-color wp-elements-de64699ac17d3f0b773d24f2485dfae6 wp-block-spectra-content has-text-color has-ast-global-color-0-color\">\n\t\t<strong>SEANCE D&rsquo;ENNEAGRAMME<\/strong>\t<\/p>\n\n\n\n<p data-aos-delay=\"0\" data-aos-duration=\"400\" data-aos-easing=\"ease\" data-aos-once=\"true\" data-aos=\"fade-up\" class=\"has-text-align-center has-ast-global-color-3-color has-text-color has-link-color wp-elements-17dd47e4c4d2e77cb95ff95283c76bc6\"><strong>EN PRESENTIEL OU A DISTANCE PAR VISIO<\/strong><\/p>\n\n\n\t<p data-spectra-id=\"spectra-mn3i4iv2-o8ndtt\"\t\tstyle=\"--spectra-text-color: ast-global-color-3;\" class=\"has-text-color has-link-color spectra-text-color wp-elements-d10f269cfeee265a42f338ff3515f8ec wp-block-spectra-content has-text-color has-ast-global-color-3-color\">\n\t\t<strong>DUREE : 1H30<\/strong>\t<\/p>\n\n\n\t<p data-spectra-id=\"spectra-mn3i57a9-o34dqj\" data-aos-delay=\"0\" data-aos-duration=\"400\" data-aos-easing=\"ease\" data-aos-once=\"true\" data-aos=\"slide-up\"\t\tstyle=\"--spectra-text-color: ast-global-color-0;\" class=\"has-text-color has-link-color spectra-text-color wp-elements-3f411ab31041e2d07295278e27bfdabd wp-block-spectra-content has-text-color has-ast-global-color-0-color\">\n\t\t<strong>70 EUROS<\/strong>\t<\/p>\n<\/div>\n<\/div>\n\n\n\t<p data-spectra-id=\"spectra-mn92x90f-ox64z0\"\t\tclass=\"wp-block-spectra-content\">\n\t\t<br>\t<\/p>\n\n\n\n<p>Paiements accept\u00e9s : ch\u00e8ques, esp\u00e8ces, virements bancaires et Wero<br><strong>Les cartes bancaires ne sont pas accept\u00e9es<\/strong><\/p>\n\n\n\t<p data-spectra-id=\"spectra-mn93ncxd-roqlig\"\t\tclass=\"wp-block-spectra-content\">\n\t\tPour le bon fonctionnement du planning du cabinet, <strong>tout retard sup\u00e9rieur \u00e0 15 minutes entra\u00eenera l&rsquo;annulation de la s\u00e9ance.<\/strong>\t<\/p>\n\n\n\t<p data-spectra-id=\"spectra-mn93r4ln-0jozsy\"\t\tclass=\"wp-block-spectra-content\">\n\t\t<strong>En cas d&rsquo;annulation, je vous remercie de me pr\u00e9venir au moins 48 heures \u00e0 l&rsquo;avance. <\/strong>A d\u00e9faut, la s\u00e9ance pourra \u00eatre int\u00e9gralement factur\u00e9e sauf en cas de report ou de force majeure d\u00fbment justifi\u00e9e.\t<\/p>\n\n\n\t<p data-spectra-id=\"spectra-mn934v0w-9l4fju\"\t\tclass=\"wp-block-spectra-content\">\n\t\tLes s\u00e9ances de kin\u00e9siologie ne sont pas prises en charge par la s\u00e9curit\u00e9 sociale mais certaines mutuelles les remboursent int\u00e9gralement ou en partie. Je vous invite donc \u00e0 consulter votre contrat ou appeler directement votre mutuelle pour prendre connaissance de vos garanties.\t<\/p>\n\n\n\n<div style=\"height:100px\" aria-hidden=\"true\" class=\"wp-block-spacer\"><\/div>\n\n\n<div data-spectra-id=\"spectra-mn3ifkso-l5ugmr\" style=\"display: flex; justify-content: center; \" class=\"wp-block-spectra-separator wp-block-spectra-separator\">\n\t<div class=\"spectra-separator-line\" style=\"margin-left: auto; margin-right: auto; background-color: currentColor; \"><\/div>\n<\/div>\n\n\n\n<p><\/p>\n","protected":false},"excerpt":{"rendered":"<p>LES TARIFS UNIQUEMENT EN PRESENTIEL EN PRESENTIEL OU A DISTANCE PAR VISIO Paiements accept\u00e9s : ch\u00e8ques, esp\u00e8ces, virements bancaires et [&hellip;]<\/p>\n","protected":false},"author":1,"featured_media":0,"parent":0,"menu_order":0,"comment_status":"closed","ping_status":"closed","template":"","meta":{"_uag_custom_page_level_css":"","site-sidebar-layout":"default","site-content-layout":"","ast-site-content-layout":"default","site-content-style":"default","site-sidebar-style":"default","ast-global-header-display":"","ast-banner-title-visibility":"","ast-main-header-display":"","ast-hfb-above-header-display":"","ast-hfb-below-header-display":"","ast-hfb-mobile-header-display":"","site-post-title":"disabled","ast-breadcrumbs-content":"","ast-featured-img":"","footer-sml-layout":"","ast-disable-related-posts":"","theme-transparent-header-meta":"","adv-header-id-meta":"","stick-header-meta":"","header-above-stick-meta":"","header-main-stick-meta":"","header-below-stick-meta":"","astra-migrate-meta-layouts":"default","ast-page-background-enabled":"default","ast-page-background-meta":{"desktop":{"background-color":"var(--ast-global-color-4)","background-image":"","background-repeat":"repeat","background-position":"center center","background-size":"auto","background-attachment":"scroll","background-type":"","background-media":"","overlay-type":"","overlay-color":"","overlay-opacity":"","overlay-gradient":""},"tablet":{"background-color":"","background-image":"","background-repeat":"repeat","background-position":"center center","background-size":"auto","background-attachment":"scroll","background-type":"","background-media":"","overlay-type":"","overlay-color":"","overlay-opacity":"","overlay-gradient":""},"mobile":{"background-color":"","background-image":"","background-repeat":"repeat","background-position":"center center","background-size":"auto","background-attachment":"scroll","background-type":"","background-media":"","overlay-type":"","overlay-color":"","overlay-opacity":"","overlay-gradient":""}},"ast-content-background-meta":{"desktop":{"background-color":"var(--ast-global-color-5)","background-image":"","background-repeat":"repeat","background-position":"center center","background-size":"auto","background-attachment":"scroll","background-type":"","background-media":"","overlay-type":"","overlay-color":"","overlay-opacity":"","overlay-gradient":""},"tablet":{"background-color":"var(--ast-global-color-5)","background-image":"","background-repeat":"repeat","background-position":"center center","background-size":"auto","background-attachment":"scroll","background-type":"","background-media":"","overlay-type":"","overlay-color":"","overlay-opacity":"","overlay-gradient":""},"mobile":{"background-color":"var(--ast-global-color-5)","background-image":"","background-repeat":"repeat","background-position":"center center","background-size":"auto","background-attachment":"scroll","background-type":"","background-media":"","overlay-type":"","overlay-color":"","overlay-opacity":"","overlay-gradient":""}},"footnotes":""},"class_list":["post-20","page","type-page","status-publish","hentry"],"uagb_featured_image_src":{"full":false,"thumbnail":false,"medium":false,"medium_large":false,"large":false,"1536x1536":false,"2048x2048":false},"uagb_author_info":{"display_name":"HELENE","author_link":"https:\/\/helene-kinesiologue.fr\/?author=1"},"uagb_comment_info":0,"uagb_excerpt":"LES TARIFS UNIQUEMENT EN PRESENTIEL EN PRESENTIEL OU A DISTANCE PAR VISIO Paiements accept\u00e9s : ch\u00e8ques, esp\u00e8ces, virements bancaires et [&hellip;]","_links":{"self":[{"href":"https:\/\/helene-kinesiologue.fr\/index.php?rest_route=\/wp\/v2\/pages\/20","targetHints":{"allow":["GET"]}}],"collection":[{"href":"https:\/\/helene-kinesiologue.fr\/index.php?rest_route=\/wp\/v2\/pages"}],"about":[{"href":"https:\/\/helene-kinesiologue.fr\/index.php?rest_route=\/wp\/v2\/types\/page"}],"author":[{"embeddable":true,"href":"https:\/\/helene-kinesiologue.fr\/index.php?rest_route=\/wp\/v2\/users\/1"}],"replies":[{"embeddable":true,"href":"https:\/\/helene-kinesiologue.fr\/index.php?rest_route=%2Fwp%2Fv2%2Fcomments&post=20"}],"version-history":[{"count":19,"href":"https:\/\/helene-kinesiologue.fr\/index.php?rest_route=\/wp\/v2\/pages\/20\/revisions"}],"predecessor-version":[{"id":903,"href":"https:\/\/helene-kinesiologue.fr\/index.php?rest_route=\/wp\/v2\/pages\/20\/revisions\/903"}],"wp:attachment":[{"href":"https:\/\/helene-kinesiologue.fr\/index.php?rest_route=%2Fwp%2Fv2%2Fmedia&parent=20"}],"curies":[{"name":"wp","href":"https:\/\/api.w.org\/{rel}","templated":true}]}}