{"id":19,"date":"2026-03-16T11:19:30","date_gmt":"2026-03-16T11:19:30","guid":{"rendered":"https:\/\/helene-kinesiologue.fr\/?page_id=19"},"modified":"2026-04-09T18:14:50","modified_gmt":"2026-04-09T18:14:50","slug":"lenneagramme","status":"publish","type":"page","link":"https:\/\/helene-kinesiologue.fr\/?page_id=19","title":{"rendered":"L&rsquo;ENNEAGRAMME"},"content":{"rendered":"\n<h2 class=\"wp-block-heading\"><\/h2>\n\n\n\n<h2 class=\"wp-block-heading\"><\/h2>\n\n\n<div data-spectra-id=\"spectra-mn3gn8du-o3yicg\" style=\"display: flex; justify-content: center; \" class=\"wp-block-spectra-separator wp-block-spectra-separator\">\n\t<div class=\"spectra-separator-line\" style=\"margin-left: auto; margin-right: auto; background-color: currentColor; \"><\/div>\n<\/div>\n\n\n\n<div style=\"height:100px\" aria-hidden=\"true\" class=\"wp-block-spacer\"><\/div>\n\n\n\n<h3 data-aos-delay=\"0\" data-aos-duration=\"400\" data-aos-easing=\"ease\" data-aos-once=\"true\" data-aos=\"fade-up\" class=\"wp-block-heading has-text-align-center\"><strong>L&rsquo;ENNEAGRAMME<\/strong> <strong>C&rsquo;EST QUOI ?<\/strong><\/h3>\n\n\n\n<h2 class=\"wp-block-heading\"><\/h2>\n\n\n\n<h2 class=\"wp-block-heading\"><\/h2>\n\n\n\t<p data-spectra-id=\"spectra-mn3gp8s8-n815f9\"\t\tclass=\"wp-block-spectra-content\">\n\t\tL&rsquo;enn\u00e9agramme est un syst\u00e8me d\u2019\u00e9tude de la personnalit\u00e9 bas\u00e9 sur 9 structures de caract\u00e8res. Son but premier est de nous aider \u00e0 mieux nous conna\u00eetre, en nous montrant les filtres que nous appliquons au monde qui nous entoure et qui r\u00e9duisent notre champ de vision.\t<\/p>\n\n\n\n<p>L\u2019enn\u00e9agramme d\u00e9crit 9 types de personnalit\u00e9 correspondant \u00e0 9 m\u00e9canismes de d\u00e9fense au travers desquels l&rsquo;\u00eatre humain grandit et se d\u00e9veloppe.<br>Chaque personne \u00ab\u00a0choisit\u00a0\u00bb pr\u00e9cocement une des 9 mani\u00e8res de faire face au monde ext\u00e9rieur, qui devient ainsi sa base de personnalit\u00e9.<br>Elle d\u00e9veloppe dans le courant de sa vie l&rsquo;acc\u00e8s \u00e0 d&rsquo;autres modes de perception et de r\u00e9action qui compl\u00e8tent et nuancent sa personnalit\u00e9 de d\u00e9part.<\/p>\n\n\n\n<p>Les 9 types sont dispos\u00e9es en 3 zones : instinctive, \u00e9motionnelle et mentale.<br>Chaque personne utilise les 3 centres d\u2019activit\u00e9, mais l&rsquo;un d&rsquo;eux est naturellement dominant dans l&rsquo;attention que nous portons sur le monde.<\/p>\n\n\n\n<h2 class=\"wp-block-heading\"><\/h2>\n\n\n\n<div class=\"wp-block-columns has-border-color has-ast-global-color-5-background-color has-background is-layout-flex wp-container-core-columns-is-layout-85958d59 wp-block-columns-is-layout-flex\" style=\"border-color:var(--ast-global-color-2);border-width:3px;border-top-left-radius:13px;border-top-right-radius:13px;border-bottom-left-radius:13px;border-bottom-right-radius:13px;padding-top:var(--wp--preset--spacing--40);padding-right:var(--wp--preset--spacing--40);padding-bottom:var(--wp--preset--spacing--40);padding-left:var(--wp--preset--spacing--40)\">\n<div class=\"wp-block-column is-layout-flow wp-block-column-is-layout-flow\">\t<p data-spectra-id=\"spectra-mneumwkq-p723mv\" data-aos-delay=\"0\" data-aos-duration=\"400\" data-aos-easing=\"ease\" data-aos-once=\"true\" data-aos=\"fade-up\"\t\tstyle=\"--spectra-text-color: ast-global-color-2;\" class=\"has-text-color has-link-color spectra-text-color wp-elements-7078b58421ad7a7f7d6ce42c44e182d7 wp-block-spectra-content has-text-color has-ast-global-color-2-color\">\n\t\t<strong>PERSONNALITES INSTINCTIVES :<\/strong>\t<\/p>\n\n\n\n<figure data-spectra-id=\"spectra-mng9qu7d-c4xy9e\" data-aos-delay=\"0\" data-aos-duration=\"400\" data-aos-easing=\"ease\" data-aos-once=\"true\" data-aos=\"zoom-in-up\" class=\"wp-block-image aligncenter size-large is-resized has-custom-border\" ><img loading=\"lazy\" decoding=\"async\" width=\"563\" height=\"1024\" src=\"https:\/\/helene-kinesiologue.fr\/wp-content\/uploads\/2026\/04\/CORPS-ENNEAGRAMME-563x1024.jpg\" alt=\"\" class=\"has-border-color wp-image-840\" srcset=\"https:\/\/helene-kinesiologue.fr\/wp-content\/uploads\/2026\/04\/CORPS-ENNEAGRAMME-563x1024.jpg 563w, https:\/\/helene-kinesiologue.fr\/wp-content\/uploads\/2026\/04\/CORPS-ENNEAGRAMME-165x300.jpg 165w, https:\/\/helene-kinesiologue.fr\/wp-content\/uploads\/2026\/04\/CORPS-ENNEAGRAMME-768x1397.jpg 768w, https:\/\/helene-kinesiologue.fr\/wp-content\/uploads\/2026\/04\/CORPS-ENNEAGRAMME-844x1536.jpg 844w, https:\/\/helene-kinesiologue.fr\/wp-content\/uploads\/2026\/04\/CORPS-ENNEAGRAMME-1126x2048.jpg 1126w, https:\/\/helene-kinesiologue.fr\/wp-content\/uploads\/2026\/04\/CORPS-ENNEAGRAMME-scaled.jpg 1407w\" sizes=\"auto, (max-width: 563px) 100vw, 563px\" \/><\/figure>\n\n\n\t<p data-spectra-id=\"spectra-mneunpn1-yrclq7\"\t\tclass=\"wp-block-spectra-content\">\n\t\t&#8211; <strong>les types 8, 9 et 1<\/strong>\t<\/p>\n\n\n\n<p class=\"has-text-align-center\">&#8211; captent d&rsquo;abord le monde qui les entoure par <strong>les sensations physiques<\/strong><\/p>\n\n\n\n<p class=\"has-text-align-center\">&#8211; ont tendance <strong>\u00e0 r\u00e9agir instinctivement <\/strong>voire impulsivement \u00e0 ce qui leur arrive<\/p>\n<\/div>\n\n\n\n<div class=\"wp-block-column is-layout-flow wp-block-column-is-layout-flow\">\t<p data-spectra-id=\"spectra-mneus9xr-7wb2wz\" data-aos-delay=\"0\" data-aos-duration=\"400\" data-aos-easing=\"ease\" data-aos-once=\"true\" data-aos=\"fade-up\"\t\tstyle=\"--spectra-text-color: ast-global-color-2;\" class=\"has-text-color has-link-color spectra-text-color wp-elements-ceeeaf80ba471bec0d44bd57de3b35f4 wp-block-spectra-content has-text-color has-ast-global-color-2-color\">\n\t\t<strong>PERSONNALITES EMOTIONNELLES :<\/strong>\t<\/p>\n\n\n\n<figure data-spectra-id=\"spectra-mng9yyoh-flkm5n\" data-aos-delay=\"0\" data-aos-duration=\"400\" data-aos-easing=\"ease\" data-aos-once=\"true\" data-aos=\"zoom-in-up\" class=\"wp-block-image aligncenter size-large is-resized has-custom-border\" ><img loading=\"lazy\" decoding=\"async\" width=\"768\" height=\"1024\" src=\"https:\/\/helene-kinesiologue.fr\/wp-content\/uploads\/2026\/04\/EMOTIONS-ENNEAGRAMME-2-1-768x1024.jpg\" alt=\"\" class=\"has-border-color wp-image-845\" srcset=\"https:\/\/helene-kinesiologue.fr\/wp-content\/uploads\/2026\/04\/EMOTIONS-ENNEAGRAMME-2-1-768x1024.jpg 768w, https:\/\/helene-kinesiologue.fr\/wp-content\/uploads\/2026\/04\/EMOTIONS-ENNEAGRAMME-2-1-225x300.jpg 225w, https:\/\/helene-kinesiologue.fr\/wp-content\/uploads\/2026\/04\/EMOTIONS-ENNEAGRAMME-2-1-1152x1536.jpg 1152w, https:\/\/helene-kinesiologue.fr\/wp-content\/uploads\/2026\/04\/EMOTIONS-ENNEAGRAMME-2-1-1536x2048.jpg 1536w, https:\/\/helene-kinesiologue.fr\/wp-content\/uploads\/2026\/04\/EMOTIONS-ENNEAGRAMME-2-1-scaled.jpg 1920w\" sizes=\"auto, (max-width: 768px) 100vw, 768px\" \/><\/figure>\n\n\n\t<p data-spectra-id=\"spectra-mneutkhq-10ly1q\"\t\tclass=\"wp-block-spectra-content\">\n\t\t<strong>&#8211; les types 2, 3 et 4<\/strong>\t<\/p>\n\n\n\n<p class=\"has-text-align-center\">&#8211; ressentent spontan\u00e9ment <strong>leurs \u00e9motions et celles des autres<\/strong><\/p>\n\n\n\n<p class=\"has-text-align-center\">&#8211; naturellement tourn\u00e9es vers les ambiances sans qu&rsquo;elles soient explicit\u00e9es avec des mots, <strong>elles captent les besoins des autres et leur \u00e9tat interne<\/strong>, et peuvent s&rsquo;y adapter inconsciemment en fonction de leurs objectifs ou projets<\/p>\n<\/div>\n\n\n\n<div class=\"wp-block-column is-layout-flow wp-block-column-is-layout-flow\">\t<p data-spectra-id=\"spectra-mneux3ft-wgo4u6\" data-aos-delay=\"0\" data-aos-duration=\"400\" data-aos-easing=\"ease\" data-aos-once=\"true\" data-aos=\"fade-up\"\t\tstyle=\"--spectra-text-color: ast-global-color-2;\" class=\"has-text-color has-link-color spectra-text-color wp-elements-2113d4072911def42252180ddd35200e wp-block-spectra-content has-text-color has-ast-global-color-2-color\">\n\t\t<strong>PERSONNALITES MENTALES :<\/strong>\t<\/p>\n\n\n\n<figure data-spectra-id=\"spectra-mngaacee-17wmao\" data-aos-delay=\"0\" data-aos-duration=\"400\" data-aos-easing=\"ease\" data-aos-once=\"true\" data-aos=\"zoom-in-up\" class=\"wp-block-image aligncenter size-large is-resized has-custom-border\" ><img loading=\"lazy\" decoding=\"async\" width=\"683\" height=\"1024\" src=\"https:\/\/helene-kinesiologue.fr\/wp-content\/uploads\/2026\/04\/MENTAL-ENNEAGRAMME-3-683x1024.jpg\" alt=\"\" class=\"has-border-color wp-image-848\" srcset=\"https:\/\/helene-kinesiologue.fr\/wp-content\/uploads\/2026\/04\/MENTAL-ENNEAGRAMME-3-683x1024.jpg 683w, https:\/\/helene-kinesiologue.fr\/wp-content\/uploads\/2026\/04\/MENTAL-ENNEAGRAMME-3-200x300.jpg 200w, https:\/\/helene-kinesiologue.fr\/wp-content\/uploads\/2026\/04\/MENTAL-ENNEAGRAMME-3-768x1152.jpg 768w, https:\/\/helene-kinesiologue.fr\/wp-content\/uploads\/2026\/04\/MENTAL-ENNEAGRAMME-3-1024x1536.jpg 1024w, https:\/\/helene-kinesiologue.fr\/wp-content\/uploads\/2026\/04\/MENTAL-ENNEAGRAMME-3-1365x2048.jpg 1365w, https:\/\/helene-kinesiologue.fr\/wp-content\/uploads\/2026\/04\/MENTAL-ENNEAGRAMME-3-scaled.jpg 1707w\" sizes=\"auto, (max-width: 683px) 100vw, 683px\" \/><\/figure>\n\n\n\n<p class=\"has-text-align-center\"><strong>&#8211; les types 5, 6 et 7<\/strong><\/p>\n\n\n\n<p class=\"has-text-align-center\">&#8211; <strong>pensent d&rsquo;abord<\/strong>, avant de ressentir ou d&rsquo;agir<\/p>\n\n\n\n<p class=\"has-text-align-center\">&#8211; <strong>prennent facilement et spontan\u00e9ment distance<\/strong> avec les personnes et les \u00e9v\u00e9nements pour les analyser, les sonder, les \u00e9tudier et savoir comment les aborder<\/p>\n<\/div>\n<\/div>\n\n\n\n<h2 class=\"wp-block-heading\"><\/h2>\n\n\n\n<p>En se basant sur des m\u00e9canismes primaires de mode d&rsquo;attention au monde, l&rsquo;enn\u00e9agramme touche \u00e0 la motivation profonde de chaque personne dans sa vie quotidienne. C&rsquo;est pourquoi il va bien au-del\u00e0 des comportements observables et touche aux dynamiques internes les plus profondes de la personnalit\u00e9, dans ce qu&rsquo;elles ont d&rsquo;ambivalent et de tensionnel.<br>&nbsp;<br>Avant de d\u00e9couvrir les 9 types de l\u2019enn\u00e9agramme, il est important de rappeler que chaque type d\u00e9crit finement les m\u00e9canismes de notre personnalit\u00e9 mais il ne peut englober la richesse de chaque individu, son histoire personnelle, son intelligence, ses facilit\u00e9s naturelles, etc\u2026<\/p>\n\n\n\n<p><strong>Nous sommes bien plus qu\u2019un type&nbsp;!&nbsp;Il est donc important de ne pas s\u2019enfermer, ou d\u2019enfermer une personne dans un type pr\u00e9cis.<\/strong><\/p>\n\n\n\n\n\n<h2 class=\"wp-block-heading\"><\/h2>\n\n\n\n<h2 class=\"wp-block-heading\"><\/h2>\n\n\n\n<h2 class=\"wp-block-heading\"><\/h2>\n\n\n\n<h2 class=\"wp-block-heading\"><\/h2>\n\n\n\n<p><\/p>\n\n\n\n<figure data-spectra-id=\"spectra-mn3h9bsn-qimlj9\" data-aos-delay=\"0\" data-aos-duration=\"400\" data-aos-easing=\"ease\" data-aos-once=\"true\" data-aos=\"fade-up\" class=\"wp-block-image aligncenter size-full is-resized has-custom-border\"><img loading=\"lazy\" decoding=\"async\" width=\"330\" height=\"330\" src=\"https:\/\/helene-kinesiologue.fr\/wp-content\/uploads\/2026\/03\/Enneagramme-e1645634737308.png\" alt=\"enn\u00e9agramme, maison, type, d\u00e9veloppement personnel, enn\u00e9atype\" class=\"has-border-color wp-image-657\" srcset=\"https:\/\/helene-kinesiologue.fr\/wp-content\/uploads\/2026\/03\/Enneagramme-e1645634737308.png 330w, https:\/\/helene-kinesiologue.fr\/wp-content\/uploads\/2026\/03\/Enneagramme-e1645634737308-300x300.png 300w, https:\/\/helene-kinesiologue.fr\/wp-content\/uploads\/2026\/03\/Enneagramme-e1645634737308-150x150.png 150w\" sizes=\"auto, (max-width: 330px) 100vw, 330px\" \/><figcaption class=\"wp-element-caption\"><strong>Image source CEE<\/strong><\/figcaption><\/figure>\n\n\n\n<h2 class=\"wp-block-heading\"><\/h2>\n\n\n\n<h2 class=\"wp-block-heading\"><\/h2>\n\n\n<div data-spectra-id=\"spectra-mn3hcqt1-ikbhsr\" style=\"display: flex; justify-content: center; \" class=\"wp-block-spectra-separator wp-block-spectra-separator\">\n\t<div class=\"spectra-separator-line\" style=\"margin-left: auto; margin-right: auto; background-color: currentColor; \"><\/div>\n<\/div>\n\n\n\n<p><br>&nbsp;<\/p>\n","protected":false},"excerpt":{"rendered":"<p>L&rsquo;ENNEAGRAMME C&rsquo;EST QUOI ? L\u2019enn\u00e9agramme d\u00e9crit 9 types de personnalit\u00e9 correspondant \u00e0 9 m\u00e9canismes de d\u00e9fense au travers desquels l&rsquo;\u00eatre [&hellip;]<\/p>\n","protected":false},"author":1,"featured_media":0,"parent":0,"menu_order":0,"comment_status":"closed","ping_status":"closed","template":"","meta":{"_uag_custom_page_level_css":"","site-sidebar-layout":"default","site-content-layout":"","ast-site-content-layout":"default","site-content-style":"default","site-sidebar-style":"default","ast-global-header-display":"","ast-banner-title-visibility":"","ast-main-header-display":"","ast-hfb-above-header-display":"","ast-hfb-below-header-display":"","ast-hfb-mobile-header-display":"","site-post-title":"disabled","ast-breadcrumbs-content":"","ast-featured-img":"","footer-sml-layout":"","ast-disable-related-posts":"","theme-transparent-header-meta":"","adv-header-id-meta":"","stick-header-meta":"","header-above-stick-meta":"","header-main-stick-meta":"","header-below-stick-meta":"","astra-migrate-meta-layouts":"default","ast-page-background-enabled":"default","ast-page-background-meta":{"desktop":{"background-color":"var(--ast-global-color-4)","background-image":"","background-repeat":"repeat","background-position":"center center","background-size":"auto","background-attachment":"scroll","background-type":"","background-media":"","overlay-type":"","overlay-color":"","overlay-opacity":"","overlay-gradient":""},"tablet":{"background-color":"","background-image":"","background-repeat":"repeat","background-position":"center center","background-size":"auto","background-attachment":"scroll","background-type":"","background-media":"","overlay-type":"","overlay-color":"","overlay-opacity":"","overlay-gradient":""},"mobile":{"background-color":"","background-image":"","background-repeat":"repeat","background-position":"center center","background-size":"auto","background-attachment":"scroll","background-type":"","background-media":"","overlay-type":"","overlay-color":"","overlay-opacity":"","overlay-gradient":""}},"ast-content-background-meta":{"desktop":{"background-color":"var(--ast-global-color-5)","background-image":"","background-repeat":"repeat","background-position":"center center","background-size":"auto","background-attachment":"scroll","background-type":"","background-media":"","overlay-type":"","overlay-color":"","overlay-opacity":"","overlay-gradient":""},"tablet":{"background-color":"var(--ast-global-color-5)","background-image":"","background-repeat":"repeat","background-position":"center center","background-size":"auto","background-attachment":"scroll","background-type":"","background-media":"","overlay-type":"","overlay-color":"","overlay-opacity":"","overlay-gradient":""},"mobile":{"background-color":"var(--ast-global-color-5)","background-image":"","background-repeat":"repeat","background-position":"center center","background-size":"auto","background-attachment":"scroll","background-type":"","background-media":"","overlay-type":"","overlay-color":"","overlay-opacity":"","overlay-gradient":""}},"footnotes":""},"class_list":["post-19","page","type-page","status-publish","hentry"],"uagb_featured_image_src":{"full":false,"thumbnail":false,"medium":false,"medium_large":false,"large":false,"1536x1536":false,"2048x2048":false},"uagb_author_info":{"display_name":"HELENE","author_link":"https:\/\/helene-kinesiologue.fr\/?author=1"},"uagb_comment_info":0,"uagb_excerpt":"L&rsquo;ENNEAGRAMME C&rsquo;EST QUOI ? L\u2019enn\u00e9agramme d\u00e9crit 9 types de personnalit\u00e9 correspondant \u00e0 9 m\u00e9canismes de d\u00e9fense au travers desquels l&rsquo;\u00eatre [&hellip;]","_links":{"self":[{"href":"https:\/\/helene-kinesiologue.fr\/index.php?rest_route=\/wp\/v2\/pages\/19","targetHints":{"allow":["GET"]}}],"collection":[{"href":"https:\/\/helene-kinesiologue.fr\/index.php?rest_route=\/wp\/v2\/pages"}],"about":[{"href":"https:\/\/helene-kinesiologue.fr\/index.php?rest_route=\/wp\/v2\/types\/page"}],"author":[{"embeddable":true,"href":"https:\/\/helene-kinesiologue.fr\/index.php?rest_route=\/wp\/v2\/users\/1"}],"replies":[{"embeddable":true,"href":"https:\/\/helene-kinesiologue.fr\/index.php?rest_route=%2Fwp%2Fv2%2Fcomments&post=19"}],"version-history":[{"count":14,"href":"https:\/\/helene-kinesiologue.fr\/index.php?rest_route=\/wp\/v2\/pages\/19\/revisions"}],"predecessor-version":[{"id":902,"href":"https:\/\/helene-kinesiologue.fr\/index.php?rest_route=\/wp\/v2\/pages\/19\/revisions\/902"}],"wp:attachment":[{"href":"https:\/\/helene-kinesiologue.fr\/index.php?rest_route=%2Fwp%2Fv2%2Fmedia&parent=19"}],"curies":[{"name":"wp","href":"https:\/\/api.w.org\/{rel}","templated":true}]}}